{"id":12804,"date":"2025-12-01T10:32:33","date_gmt":"2025-12-01T08:32:33","guid":{"rendered":"https:\/\/niptiras.gr\/?post_type=product&#038;p=12804"},"modified":"2025-12-01T13:28:21","modified_gmt":"2025-12-01T11:28:21","slug":"galera-mini-39x39x14-copy","status":"publish","type":"product","link":"https:\/\/niptiras.gr\/en\/product\/galera-mini-39x39x14-copy\/","title":{"rendered":"Blas 59,5x43x13,5"},"content":{"rendered":"","protected":false},"excerpt":{"rendered":"<p>In glossy white finish, the Blas counter-top basin delivers an elegant countertop design, perfect for minimal or modern bathrooms.<br \/>\nDimensions: 59.5 \u00d7 43 \u00d7 13.5 cm<\/p>\n","protected":false},"featured_media":12807,"comment_status":"closed","ping_status":"closed","template":"","meta":{"_acf_changed":false,"inline_featured_image":false,"_monsterinsights_skip_tracking":false,"_monsterinsights_sitenote_active":false,"_monsterinsights_sitenote_note":"","_monsterinsights_sitenote_category":0},"product_brand":[],"product_cat":[564,1125],"product_tag":[653],"berocket_brand":[700],"class_list":{"0":"post-12804","1":"product","2":"type-product","3":"status-publish","4":"has-post-thumbnail","6":"product_cat-countertop-basins","7":"product_cat-washbasins-ready-for-delivery-en","8":"product_tag-in-stock-en","9":"pa_brand-niptiras-gr-en","10":"pa_color-white-glossy","11":"pa_dimension-595-cm","12":"pa_material-porcelain-en","13":"pa_no-of-tap-holes-without-tap-hole-en","14":"pa_overflow-without-overflow-en","15":"pa_setting-countertop-en","16":"pa_shape-oval","17":"pa_warehouse-status-in-stock-en","18":"berocket_brand-niptiras-gr-en","20":"first","21":"instock","22":"featured","23":"taxable","24":"shipping-taxable","25":"purchasable","26":"product-type-simple"},"acf":[],"yoast_head":"<!-- This site is optimized with the Yoast SEO plugin v27.5 - https:\/\/yoast.com\/product\/yoast-seo-wordpress\/ -->\n<title>Blas \u2013 Glossy White Counter-Top Basin | 59.5\u00d743\u00d713.5<\/title>\n<meta name=\"description\" content=\"The Blas counter-top basin in glossy white finish (59.5\u00d743\u00d713.5 cm, approx. 12 kg) is perfect for minimal and modern bathrooms. Elegant, durable and practical for everyday use.\" \/>\n<meta name=\"robots\" content=\"index, follow, max-snippet:-1, max-image-preview:large, max-video-preview:-1\" \/>\n<link rel=\"canonical\" href=\"https:\/\/niptiras.gr\/product\/blas-595x43x135\/\" \/>\n<meta property=\"og:locale\" content=\"en_US\" \/>\n<meta property=\"og:type\" content=\"article\" \/>\n<meta property=\"og:title\" content=\"Blas \u2013 Glossy White Counter-Top Basin | 59.5\u00d743\u00d713.5\" \/>\n<meta property=\"og:description\" content=\"The Blas counter-top basin in glossy white finish (59.5\u00d743\u00d713.5 cm, approx. 12 kg) is perfect for minimal and modern bathrooms. Elegant, durable and practical for everyday use.\" \/>\n<meta property=\"og:url\" content=\"https:\/\/niptiras.gr\/product\/blas-595x43x135\/\" \/>\n<meta property=\"og:site_name\" content=\"\u039d\u0399\u03a0\u03a4\u0397\u03a1\u0395\u03a3\" \/>\n<meta property=\"article:modified_time\" content=\"2025-12-01T11:28:21+00:00\" \/>\n<meta property=\"og:image\" content=\"https:\/\/niptiras.gr\/wp-content\/uploads\/2025\/12\/Counter-top-basin-Blas.jpg\" \/>\n\t<meta property=\"og:image:width\" content=\"800\" \/>\n\t<meta property=\"og:image:height\" content=\"800\" \/>\n\t<meta property=\"og:image:type\" content=\"image\/jpeg\" \/>\n<meta name=\"twitter:card\" content=\"summary_large_image\" \/>\n<script type=\"application\/ld+json\" class=\"yoast-schema-graph\">{\"@context\":\"https:\\\/\\\/schema.org\",\"@graph\":[{\"@type\":\"WebPage\",\"@id\":\"https:\\\/\\\/niptiras.gr\\\/product\\\/blas-595x43x135\\\/\",\"url\":\"https:\\\/\\\/niptiras.gr\\\/product\\\/blas-595x43x135\\\/\",\"name\":\"Blas \u2013 Glossy White Counter-Top Basin | 59.5\u00d743\u00d713.5\",\"isPartOf\":{\"@id\":\"https:\\\/\\\/palegoldenrod-lyrebird-906244.hostingersite.com\\\/#website\"},\"primaryImageOfPage\":{\"@id\":\"https:\\\/\\\/niptiras.gr\\\/product\\\/blas-595x43x135\\\/#primaryimage\"},\"image\":{\"@id\":\"https:\\\/\\\/niptiras.gr\\\/product\\\/blas-595x43x135\\\/#primaryimage\"},\"thumbnailUrl\":\"https:\\\/\\\/niptiras.gr\\\/wp-content\\\/uploads\\\/2025\\\/12\\\/Counter-top-basin-Blas.jpg\",\"datePublished\":\"2025-12-01T08:32:33+00:00\",\"dateModified\":\"2025-12-01T11:28:21+00:00\",\"description\":\"The Blas counter-top basin in glossy white finish (59.5\u00d743\u00d713.5 cm, approx. 12 kg) is perfect for minimal and modern bathrooms. Elegant, durable and practical for everyday use.\",\"breadcrumb\":{\"@id\":\"https:\\\/\\\/niptiras.gr\\\/product\\\/blas-595x43x135\\\/#breadcrumb\"},\"inLanguage\":\"en-US\",\"potentialAction\":[{\"@type\":\"ReadAction\",\"target\":[\"https:\\\/\\\/niptiras.gr\\\/product\\\/blas-595x43x135\\\/\"]}]},{\"@type\":\"ImageObject\",\"inLanguage\":\"en-US\",\"@id\":\"https:\\\/\\\/niptiras.gr\\\/product\\\/blas-595x43x135\\\/#primaryimage\",\"url\":\"https:\\\/\\\/niptiras.gr\\\/wp-content\\\/uploads\\\/2025\\\/12\\\/Counter-top-basin-Blas.jpg\",\"contentUrl\":\"https:\\\/\\\/niptiras.gr\\\/wp-content\\\/uploads\\\/2025\\\/12\\\/Counter-top-basin-Blas.jpg\",\"width\":800,\"height\":800,\"caption\":\"Glossy white oval countertop bathroom basin, dimensions 59.5x43x13.5 cm \u2013 Blas\"},{\"@type\":\"BreadcrumbList\",\"@id\":\"https:\\\/\\\/niptiras.gr\\\/product\\\/blas-595x43x135\\\/#breadcrumb\",\"itemListElement\":[{\"@type\":\"ListItem\",\"position\":1,\"name\":\"\u0391\u03c1\u03c7\u03b9\u03ba\u03ae\",\"item\":\"https:\\\/\\\/palegoldenrod-lyrebird-906244.hostingersite.com\\\/\"},{\"@type\":\"ListItem\",\"position\":2,\"name\":\"Shop\",\"item\":\"https:\\\/\\\/palegoldenrod-lyrebird-906244.hostingersite.com\\\/shop-sidebar\\\/\"},{\"@type\":\"ListItem\",\"position\":3,\"name\":\"Blas 59,5x43x13,5\"}]},{\"@type\":\"WebSite\",\"@id\":\"https:\\\/\\\/palegoldenrod-lyrebird-906244.hostingersite.com\\\/#website\",\"url\":\"https:\\\/\\\/palegoldenrod-lyrebird-906244.hostingersite.com\\\/\",\"name\":\"\u039d\u0399\u03a0\u03a4\u0397\u03a1\u0395\u03a3\",\"description\":\"\u039c\u03af\u03b1 \u03bc\u03b5\u03b3\u03ac\u03bb\u03b7 \u03c0\u03b9\u03ba\u03bf\u03b9\u03bb\u03af\u03b1 \u03c3\u03b5 \u03bd\u03b9\u03c0\u03c4\u03ae\u03c1\u03b5\u03c2 \u03c3\u03b5 \u03ac\u03c1\u03b9\u03c3\u03c4\u03bf \u03c3\u03c7\u03b5\u03b4\u03b9\u03b1\u03c3\u03bc\u03cc \u03ba\u03b1\u03b9 \u03c0\u03bf\u03b9\u03cc\u03c4\u03b7\u03c4\u03b1\",\"potentialAction\":[{\"@type\":\"SearchAction\",\"target\":{\"@type\":\"EntryPoint\",\"urlTemplate\":\"https:\\\/\\\/palegoldenrod-lyrebird-906244.hostingersite.com\\\/?s={search_term_string}\"},\"query-input\":{\"@type\":\"PropertyValueSpecification\",\"valueRequired\":true,\"valueName\":\"search_term_string\"}}],\"inLanguage\":\"en-US\"}]}<\/script>\n<!-- \/ Yoast SEO plugin. -->","yoast_head_json":{"title":"Blas \u2013 Glossy White Counter-Top Basin | 59.5\u00d743\u00d713.5","description":"The Blas counter-top basin in glossy white finish (59.5\u00d743\u00d713.5 cm, approx. 12 kg) is perfect for minimal and modern bathrooms. Elegant, durable and practical for everyday use.","robots":{"index":"index","follow":"follow","max-snippet":"max-snippet:-1","max-image-preview":"max-image-preview:large","max-video-preview":"max-video-preview:-1"},"canonical":"https:\/\/niptiras.gr\/product\/blas-595x43x135\/","og_locale":"en_US","og_type":"article","og_title":"Blas \u2013 Glossy White Counter-Top Basin | 59.5\u00d743\u00d713.5","og_description":"The Blas counter-top basin in glossy white finish (59.5\u00d743\u00d713.5 cm, approx. 12 kg) is perfect for minimal and modern bathrooms. Elegant, durable and practical for everyday use.","og_url":"https:\/\/niptiras.gr\/product\/blas-595x43x135\/","og_site_name":"\u039d\u0399\u03a0\u03a4\u0397\u03a1\u0395\u03a3","article_modified_time":"2025-12-01T11:28:21+00:00","og_image":[{"width":800,"height":800,"url":"https:\/\/niptiras.gr\/wp-content\/uploads\/2025\/12\/Counter-top-basin-Blas.jpg","type":"image\/jpeg"}],"twitter_card":"summary_large_image","schema":{"@context":"https:\/\/schema.org","@graph":[{"@type":"WebPage","@id":"https:\/\/niptiras.gr\/product\/blas-595x43x135\/","url":"https:\/\/niptiras.gr\/product\/blas-595x43x135\/","name":"Blas \u2013 Glossy White Counter-Top Basin | 59.5\u00d743\u00d713.5","isPartOf":{"@id":"https:\/\/palegoldenrod-lyrebird-906244.hostingersite.com\/#website"},"primaryImageOfPage":{"@id":"https:\/\/niptiras.gr\/product\/blas-595x43x135\/#primaryimage"},"image":{"@id":"https:\/\/niptiras.gr\/product\/blas-595x43x135\/#primaryimage"},"thumbnailUrl":"https:\/\/niptiras.gr\/wp-content\/uploads\/2025\/12\/Counter-top-basin-Blas.jpg","datePublished":"2025-12-01T08:32:33+00:00","dateModified":"2025-12-01T11:28:21+00:00","description":"The Blas counter-top basin in glossy white finish (59.5\u00d743\u00d713.5 cm, approx. 12 kg) is perfect for minimal and modern bathrooms. Elegant, durable and practical for everyday use.","breadcrumb":{"@id":"https:\/\/niptiras.gr\/product\/blas-595x43x135\/#breadcrumb"},"inLanguage":"en-US","potentialAction":[{"@type":"ReadAction","target":["https:\/\/niptiras.gr\/product\/blas-595x43x135\/"]}]},{"@type":"ImageObject","inLanguage":"en-US","@id":"https:\/\/niptiras.gr\/product\/blas-595x43x135\/#primaryimage","url":"https:\/\/niptiras.gr\/wp-content\/uploads\/2025\/12\/Counter-top-basin-Blas.jpg","contentUrl":"https:\/\/niptiras.gr\/wp-content\/uploads\/2025\/12\/Counter-top-basin-Blas.jpg","width":800,"height":800,"caption":"Glossy white oval countertop bathroom basin, dimensions 59.5x43x13.5 cm \u2013 Blas"},{"@type":"BreadcrumbList","@id":"https:\/\/niptiras.gr\/product\/blas-595x43x135\/#breadcrumb","itemListElement":[{"@type":"ListItem","position":1,"name":"\u0391\u03c1\u03c7\u03b9\u03ba\u03ae","item":"https:\/\/palegoldenrod-lyrebird-906244.hostingersite.com\/"},{"@type":"ListItem","position":2,"name":"Shop","item":"https:\/\/palegoldenrod-lyrebird-906244.hostingersite.com\/shop-sidebar\/"},{"@type":"ListItem","position":3,"name":"Blas 59,5x43x13,5"}]},{"@type":"WebSite","@id":"https:\/\/palegoldenrod-lyrebird-906244.hostingersite.com\/#website","url":"https:\/\/palegoldenrod-lyrebird-906244.hostingersite.com\/","name":"\u039d\u0399\u03a0\u03a4\u0397\u03a1\u0395\u03a3","description":"\u039c\u03af\u03b1 \u03bc\u03b5\u03b3\u03ac\u03bb\u03b7 \u03c0\u03b9\u03ba\u03bf\u03b9\u03bb\u03af\u03b1 \u03c3\u03b5 \u03bd\u03b9\u03c0\u03c4\u03ae\u03c1\u03b5\u03c2 \u03c3\u03b5 \u03ac\u03c1\u03b9\u03c3\u03c4\u03bf \u03c3\u03c7\u03b5\u03b4\u03b9\u03b1\u03c3\u03bc\u03cc \u03ba\u03b1\u03b9 \u03c0\u03bf\u03b9\u03cc\u03c4\u03b7\u03c4\u03b1","potentialAction":[{"@type":"SearchAction","target":{"@type":"EntryPoint","urlTemplate":"https:\/\/palegoldenrod-lyrebird-906244.hostingersite.com\/?s={search_term_string}"},"query-input":{"@type":"PropertyValueSpecification","valueRequired":true,"valueName":"search_term_string"}}],"inLanguage":"en-US"}]}},"_links":{"self":[{"href":"https:\/\/niptiras.gr\/en\/wp-json\/wp\/v2\/product\/12804","targetHints":{"allow":["GET"]}}],"collection":[{"href":"https:\/\/niptiras.gr\/en\/wp-json\/wp\/v2\/product"}],"about":[{"href":"https:\/\/niptiras.gr\/en\/wp-json\/wp\/v2\/types\/product"}],"replies":[{"embeddable":true,"href":"https:\/\/niptiras.gr\/en\/wp-json\/wp\/v2\/comments?post=12804"}],"wp:featuredmedia":[{"embeddable":true,"href":"https:\/\/niptiras.gr\/en\/wp-json\/wp\/v2\/media\/12807"}],"wp:attachment":[{"href":"https:\/\/niptiras.gr\/en\/wp-json\/wp\/v2\/media?parent=12804"}],"wp:term":[{"taxonomy":"product_brand","embeddable":true,"href":"https:\/\/niptiras.gr\/en\/wp-json\/wp\/v2\/product_brand?post=12804"},{"taxonomy":"product_cat","embeddable":true,"href":"https:\/\/niptiras.gr\/en\/wp-json\/wp\/v2\/product_cat?post=12804"},{"taxonomy":"product_tag","embeddable":true,"href":"https:\/\/niptiras.gr\/en\/wp-json\/wp\/v2\/product_tag?post=12804"},{"taxonomy":"berocket_brand","embeddable":true,"href":"https:\/\/niptiras.gr\/en\/wp-json\/wp\/v2\/berocket_brand?post=12804"}],"curies":[{"name":"wp","href":"https:\/\/api.w.org\/{rel}","templated":true}]}}