{"id":12760,"date":"2025-11-26T10:09:22","date_gmt":"2025-11-26T08:09:22","guid":{"rendered":"https:\/\/niptiras.gr\/?post_type=product&#038;p=12760"},"modified":"2025-11-26T10:40:09","modified_gmt":"2025-11-26T08:40:09","slug":"curved-wall-mirror-80x80-copy","status":"publish","type":"product","link":"https:\/\/niptiras.gr\/en\/product\/curved-wall-mirror-80x80-copy\/","title":{"rendered":"Square 60&#215;60, 80&#215;80, 100&#215;100 \u2013 Wall mirror"},"content":{"rendered":"<div class=\"fusion-fullwidth fullwidth-box fusion-builder-row-1 fusion-flex-container nonhundred-percent-fullwidth non-hundred-percent-height-scrolling\" style=\"--awb-border-radius-top-left:0px;--awb-border-radius-top-right:0px;--awb-border-radius-bottom-right:0px;--awb-border-radius-bottom-left:0px;--awb-flex-wrap:wrap;\" ><div class=\"fusion-builder-row fusion-row fusion-flex-align-items-flex-start fusion-flex-content-wrap\" style=\"max-width:1320.8px;margin-left: calc(-4% \/ 2 );margin-right: calc(-4% \/ 2 );\"><div class=\"fusion-layout-column fusion_builder_column fusion-builder-column-0 fusion_builder_column_1_1 1_1 fusion-flex-column\" style=\"--awb-bg-size:cover;--awb-width-large:100%;--awb-margin-top-large:0px;--awb-spacing-right-large:1.92%;--awb-margin-bottom-large:0px;--awb-spacing-left-large:1.92%;--awb-width-medium:100%;--awb-spacing-right-medium:1.92%;--awb-spacing-left-medium:1.92%;--awb-width-small:100%;--awb-spacing-right-small:1.92%;--awb-spacing-left-small:1.92%;\"><div class=\"fusion-column-wrapper fusion-flex-justify-content-flex-start fusion-content-layout-column\"><div class=\"fusion-text fusion-text-1\"><p><strong>Dimensions <\/strong>60&#215;60, 80&#215;80, 100&#215;100<br \/>\nAlso manufactured in dimensions of your choice.<\/p>\n<\/div><ul style=\"--awb-line-height:30.6px;--awb-icon-width:30.6px;--awb-icon-height:30.6px;--awb-icon-margin:12.6px;--awb-content-margin:43.2px;\" class=\"fusion-checklist fusion-checklist-1 fusion-checklist-default type-icons\"><li class=\"fusion-li-item\" style=\"\"><span class=\"icon-wrapper circle-no\"><i class=\"fusion-li-icon awb-icon-check\" aria-hidden=\"true\"><\/i><\/span><div class=\"fusion-li-item-content\">5 mm mirror<\/div><\/li><li class=\"fusion-li-item\" style=\"\"><span class=\"icon-wrapper circle-no\"><i class=\"fusion-li-icon awb-icon-check\" aria-hidden=\"true\"><\/i><\/span><div class=\"fusion-li-item-content\">Ronde<\/div><\/li><li class=\"fusion-li-item\" style=\"\"><span class=\"icon-wrapper circle-no\"><i class=\"fusion-li-icon awb-icon-check\" aria-hidden=\"true\"><\/i><\/span><div class=\"fusion-li-item-content\">Installation: Wall-mounted<\/div><\/li><li class=\"fusion-li-item\" style=\"\"><span class=\"icon-wrapper circle-no\"><i class=\"fusion-li-icon awb-icon-check\" aria-hidden=\"true\"><\/i><\/span><div class=\"fusion-li-item-content\">Made in Greece<\/div><\/li><li class=\"fusion-li-item\" style=\"\"><span class=\"icon-wrapper circle-no\"><i class=\"fusion-li-icon awb-icon-check\" aria-hidden=\"true\"><\/i><\/span><div class=\"fusion-li-item-content\">With or without LED lighting<\/div><\/li><li class=\"fusion-li-item\" style=\"\"><span class=\"icon-wrapper circle-no\"><i class=\"fusion-li-icon awb-icon-check\" aria-hidden=\"true\"><\/i><\/span><div class=\"fusion-li-item-content\">Moisture-proof LED tape<\/div><\/li><li class=\"fusion-li-item\" style=\"\"><span class=\"icon-wrapper circle-no\"><i class=\"fusion-li-icon awb-icon-check\" aria-hidden=\"true\"><\/i><\/span><div class=\"fusion-li-item-content\">Moisture-proof power supply<\/div><\/li><li class=\"fusion-li-item\" style=\"\"><span class=\"icon-wrapper circle-no\"><i class=\"fusion-li-icon awb-icon-check\" aria-hidden=\"true\"><\/i><\/span><div class=\"fusion-li-item-content\">Power: 6w<\/div><\/li><li class=\"fusion-li-item\" style=\"\"><span class=\"icon-wrapper circle-no\"><i class=\"fusion-li-icon awb-icon-check\" aria-hidden=\"true\"><\/i><\/span><div class=\"fusion-li-item-content\">LED lighting colors: warm 3000K \u2013 daylight 4000K<\/div><\/li><\/ul><div class=\"fusion-text fusion-text-2\"><p>Optional:<br \/>\nTouch on-off switch \u2013 Anti-glare protection<br \/>\n&#8220;We can manufacture to your desired dimensions.&#8221;<\/p>\n<\/div><\/div><\/div><\/div><\/div>\n","protected":false},"excerpt":{"rendered":"<p>The Square series features modern wall mirrors with crisp lines and a refined geometric shape.<br data-start=\"680\" data-end=\"683\">Available with or without LED lighting.<br \/>\nCustom dimensions available upon request.<\/p>\n","protected":false},"featured_media":12763,"comment_status":"closed","ping_status":"closed","template":"","meta":{"_acf_changed":false,"inline_featured_image":false,"_monsterinsights_skip_tracking":false,"_monsterinsights_sitenote_active":false,"_monsterinsights_sitenote_note":"","_monsterinsights_sitenote_category":0},"product_brand":[],"product_cat":[558],"product_tag":[667,668,1154],"berocket_brand":[700],"class_list":{"0":"post-12760","1":"product","2":"type-product","3":"status-publish","4":"has-post-thumbnail","6":"product_cat-wall-floor-mirrors","7":"product_tag-bathroom-mirror","8":"product_tag-bathroom-mirror-en","9":"product_tag-project-mirrors","10":"pa_brand-niptiras-gr-en","11":"pa_cabinet-without-cabinet-en","12":"pa_dimension-100-cm-en","13":"pa_dimension-60-cm-en","14":"pa_dimension-80-cm-en","15":"pa_frame-frameless","16":"pa_lighting-led","17":"pa_lighting-no-lighting","18":"pa_origin-greece","19":"pa_shape-square","20":"berocket_brand-niptiras-gr-en","22":"first","23":"onbackorder","24":"taxable","25":"shipping-taxable","26":"product-type-simple"},"acf":[],"yoast_head":"<!-- This site is optimized with the Yoast SEO plugin v27.5 - https:\/\/yoast.com\/product\/yoast-seo-wordpress\/ -->\n<title>Square Wall Mirror | 60\u00d760, 80\u00d780, 100\u00d7100 | With or Without LED<\/title>\n<meta name=\"description\" content=\"The Square mirrors in 60\u00d760, 80\u00d780 and 100\u00d7100 offer a clean minimal design. Available with or without LED lighting.\" \/>\n<meta name=\"robots\" content=\"index, follow, max-snippet:-1, max-image-preview:large, max-video-preview:-1\" \/>\n<link rel=\"canonical\" href=\"https:\/\/niptiras.gr\/en\/product\/curved-wall-mirror-80x80-copy\/\" \/>\n<meta property=\"og:locale\" content=\"en_US\" \/>\n<meta property=\"og:type\" content=\"article\" \/>\n<meta property=\"og:title\" content=\"Square Wall Mirror | 60\u00d760, 80\u00d780, 100\u00d7100 | With or Without LED\" \/>\n<meta property=\"og:description\" content=\"The Square mirrors in 60\u00d760, 80\u00d780 and 100\u00d7100 offer a clean minimal design. Available with or without LED lighting.\" \/>\n<meta property=\"og:url\" content=\"https:\/\/niptiras.gr\/en\/product\/curved-wall-mirror-80x80-copy\/\" \/>\n<meta property=\"og:site_name\" content=\"\u039d\u0399\u03a0\u03a4\u0397\u03a1\u0395\u03a3\" \/>\n<meta property=\"article:modified_time\" content=\"2025-11-26T08:40:09+00:00\" \/>\n<meta property=\"og:image\" content=\"https:\/\/niptiras.gr\/wp-content\/uploads\/2025\/11\/SQUARE-LED-80X80.jpg\" \/>\n\t<meta property=\"og:image:width\" content=\"1080\" \/>\n\t<meta property=\"og:image:height\" content=\"1080\" \/>\n\t<meta property=\"og:image:type\" content=\"image\/jpeg\" \/>\n<meta name=\"twitter:card\" content=\"summary_large_image\" \/>\n<meta name=\"twitter:label1\" content=\"Est. reading time\" \/>\n\t<meta name=\"twitter:data1\" content=\"3 minutes\" \/>\n<script type=\"application\/ld+json\" class=\"yoast-schema-graph\">{\"@context\":\"https:\\\/\\\/schema.org\",\"@graph\":[{\"@type\":\"WebPage\",\"@id\":\"https:\\\/\\\/niptiras.gr\\\/en\\\/product\\\/curved-wall-mirror-80x80-copy\\\/\",\"url\":\"https:\\\/\\\/niptiras.gr\\\/en\\\/product\\\/curved-wall-mirror-80x80-copy\\\/\",\"name\":\"Square Wall Mirror | 60\u00d760, 80\u00d780, 100\u00d7100 | With or Without LED\",\"isPartOf\":{\"@id\":\"https:\\\/\\\/palegoldenrod-lyrebird-906244.hostingersite.com\\\/#website\"},\"primaryImageOfPage\":{\"@id\":\"https:\\\/\\\/niptiras.gr\\\/en\\\/product\\\/curved-wall-mirror-80x80-copy\\\/#primaryimage\"},\"image\":{\"@id\":\"https:\\\/\\\/niptiras.gr\\\/en\\\/product\\\/curved-wall-mirror-80x80-copy\\\/#primaryimage\"},\"thumbnailUrl\":\"https:\\\/\\\/niptiras.gr\\\/wp-content\\\/uploads\\\/2025\\\/11\\\/SQUARE-LED-80X80.jpg\",\"datePublished\":\"2025-11-26T08:09:22+00:00\",\"dateModified\":\"2025-11-26T08:40:09+00:00\",\"description\":\"The Square mirrors in 60\u00d760, 80\u00d780 and 100\u00d7100 offer a clean minimal design. Available with or without LED lighting.\",\"breadcrumb\":{\"@id\":\"https:\\\/\\\/niptiras.gr\\\/en\\\/product\\\/curved-wall-mirror-80x80-copy\\\/#breadcrumb\"},\"inLanguage\":\"en-US\",\"potentialAction\":[{\"@type\":\"ReadAction\",\"target\":[\"https:\\\/\\\/niptiras.gr\\\/en\\\/product\\\/curved-wall-mirror-80x80-copy\\\/\"]}]},{\"@type\":\"ImageObject\",\"inLanguage\":\"en-US\",\"@id\":\"https:\\\/\\\/niptiras.gr\\\/en\\\/product\\\/curved-wall-mirror-80x80-copy\\\/#primaryimage\",\"url\":\"https:\\\/\\\/niptiras.gr\\\/wp-content\\\/uploads\\\/2025\\\/11\\\/SQUARE-LED-80X80.jpg\",\"contentUrl\":\"https:\\\/\\\/niptiras.gr\\\/wp-content\\\/uploads\\\/2025\\\/11\\\/SQUARE-LED-80X80.jpg\",\"width\":1080,\"height\":1080,\"caption\":\"Square wall mirror 60\u00d760, 80\u00d780 or 100\u00d7100 with optional LED\"},{\"@type\":\"BreadcrumbList\",\"@id\":\"https:\\\/\\\/niptiras.gr\\\/en\\\/product\\\/curved-wall-mirror-80x80-copy\\\/#breadcrumb\",\"itemListElement\":[{\"@type\":\"ListItem\",\"position\":1,\"name\":\"\u0391\u03c1\u03c7\u03b9\u03ba\u03ae\",\"item\":\"https:\\\/\\\/palegoldenrod-lyrebird-906244.hostingersite.com\\\/\"},{\"@type\":\"ListItem\",\"position\":2,\"name\":\"Shop\",\"item\":\"https:\\\/\\\/palegoldenrod-lyrebird-906244.hostingersite.com\\\/shop-sidebar\\\/\"},{\"@type\":\"ListItem\",\"position\":3,\"name\":\"Square 60&#215;60, 80&#215;80, 100&#215;100 \u2013 Wall mirror\"}]},{\"@type\":\"WebSite\",\"@id\":\"https:\\\/\\\/palegoldenrod-lyrebird-906244.hostingersite.com\\\/#website\",\"url\":\"https:\\\/\\\/palegoldenrod-lyrebird-906244.hostingersite.com\\\/\",\"name\":\"\u039d\u0399\u03a0\u03a4\u0397\u03a1\u0395\u03a3\",\"description\":\"\u039c\u03af\u03b1 \u03bc\u03b5\u03b3\u03ac\u03bb\u03b7 \u03c0\u03b9\u03ba\u03bf\u03b9\u03bb\u03af\u03b1 \u03c3\u03b5 \u03bd\u03b9\u03c0\u03c4\u03ae\u03c1\u03b5\u03c2 \u03c3\u03b5 \u03ac\u03c1\u03b9\u03c3\u03c4\u03bf \u03c3\u03c7\u03b5\u03b4\u03b9\u03b1\u03c3\u03bc\u03cc \u03ba\u03b1\u03b9 \u03c0\u03bf\u03b9\u03cc\u03c4\u03b7\u03c4\u03b1\",\"potentialAction\":[{\"@type\":\"SearchAction\",\"target\":{\"@type\":\"EntryPoint\",\"urlTemplate\":\"https:\\\/\\\/palegoldenrod-lyrebird-906244.hostingersite.com\\\/?s={search_term_string}\"},\"query-input\":{\"@type\":\"PropertyValueSpecification\",\"valueRequired\":true,\"valueName\":\"search_term_string\"}}],\"inLanguage\":\"en-US\"}]}<\/script>\n<!-- \/ Yoast SEO plugin. -->","yoast_head_json":{"title":"Square Wall Mirror | 60\u00d760, 80\u00d780, 100\u00d7100 | With or Without LED","description":"The Square mirrors in 60\u00d760, 80\u00d780 and 100\u00d7100 offer a clean minimal design. Available with or without LED lighting.","robots":{"index":"index","follow":"follow","max-snippet":"max-snippet:-1","max-image-preview":"max-image-preview:large","max-video-preview":"max-video-preview:-1"},"canonical":"https:\/\/niptiras.gr\/en\/product\/curved-wall-mirror-80x80-copy\/","og_locale":"en_US","og_type":"article","og_title":"Square Wall Mirror | 60\u00d760, 80\u00d780, 100\u00d7100 | With or Without LED","og_description":"The Square mirrors in 60\u00d760, 80\u00d780 and 100\u00d7100 offer a clean minimal design. Available with or without LED lighting.","og_url":"https:\/\/niptiras.gr\/en\/product\/curved-wall-mirror-80x80-copy\/","og_site_name":"\u039d\u0399\u03a0\u03a4\u0397\u03a1\u0395\u03a3","article_modified_time":"2025-11-26T08:40:09+00:00","og_image":[{"width":1080,"height":1080,"url":"https:\/\/niptiras.gr\/wp-content\/uploads\/2025\/11\/SQUARE-LED-80X80.jpg","type":"image\/jpeg"}],"twitter_card":"summary_large_image","twitter_misc":{"Est. reading time":"3 minutes"},"schema":{"@context":"https:\/\/schema.org","@graph":[{"@type":"WebPage","@id":"https:\/\/niptiras.gr\/en\/product\/curved-wall-mirror-80x80-copy\/","url":"https:\/\/niptiras.gr\/en\/product\/curved-wall-mirror-80x80-copy\/","name":"Square Wall Mirror | 60\u00d760, 80\u00d780, 100\u00d7100 | With or Without LED","isPartOf":{"@id":"https:\/\/palegoldenrod-lyrebird-906244.hostingersite.com\/#website"},"primaryImageOfPage":{"@id":"https:\/\/niptiras.gr\/en\/product\/curved-wall-mirror-80x80-copy\/#primaryimage"},"image":{"@id":"https:\/\/niptiras.gr\/en\/product\/curved-wall-mirror-80x80-copy\/#primaryimage"},"thumbnailUrl":"https:\/\/niptiras.gr\/wp-content\/uploads\/2025\/11\/SQUARE-LED-80X80.jpg","datePublished":"2025-11-26T08:09:22+00:00","dateModified":"2025-11-26T08:40:09+00:00","description":"The Square mirrors in 60\u00d760, 80\u00d780 and 100\u00d7100 offer a clean minimal design. Available with or without LED lighting.","breadcrumb":{"@id":"https:\/\/niptiras.gr\/en\/product\/curved-wall-mirror-80x80-copy\/#breadcrumb"},"inLanguage":"en-US","potentialAction":[{"@type":"ReadAction","target":["https:\/\/niptiras.gr\/en\/product\/curved-wall-mirror-80x80-copy\/"]}]},{"@type":"ImageObject","inLanguage":"en-US","@id":"https:\/\/niptiras.gr\/en\/product\/curved-wall-mirror-80x80-copy\/#primaryimage","url":"https:\/\/niptiras.gr\/wp-content\/uploads\/2025\/11\/SQUARE-LED-80X80.jpg","contentUrl":"https:\/\/niptiras.gr\/wp-content\/uploads\/2025\/11\/SQUARE-LED-80X80.jpg","width":1080,"height":1080,"caption":"Square wall mirror 60\u00d760, 80\u00d780 or 100\u00d7100 with optional LED"},{"@type":"BreadcrumbList","@id":"https:\/\/niptiras.gr\/en\/product\/curved-wall-mirror-80x80-copy\/#breadcrumb","itemListElement":[{"@type":"ListItem","position":1,"name":"\u0391\u03c1\u03c7\u03b9\u03ba\u03ae","item":"https:\/\/palegoldenrod-lyrebird-906244.hostingersite.com\/"},{"@type":"ListItem","position":2,"name":"Shop","item":"https:\/\/palegoldenrod-lyrebird-906244.hostingersite.com\/shop-sidebar\/"},{"@type":"ListItem","position":3,"name":"Square 60&#215;60, 80&#215;80, 100&#215;100 \u2013 Wall mirror"}]},{"@type":"WebSite","@id":"https:\/\/palegoldenrod-lyrebird-906244.hostingersite.com\/#website","url":"https:\/\/palegoldenrod-lyrebird-906244.hostingersite.com\/","name":"\u039d\u0399\u03a0\u03a4\u0397\u03a1\u0395\u03a3","description":"\u039c\u03af\u03b1 \u03bc\u03b5\u03b3\u03ac\u03bb\u03b7 \u03c0\u03b9\u03ba\u03bf\u03b9\u03bb\u03af\u03b1 \u03c3\u03b5 \u03bd\u03b9\u03c0\u03c4\u03ae\u03c1\u03b5\u03c2 \u03c3\u03b5 \u03ac\u03c1\u03b9\u03c3\u03c4\u03bf \u03c3\u03c7\u03b5\u03b4\u03b9\u03b1\u03c3\u03bc\u03cc \u03ba\u03b1\u03b9 \u03c0\u03bf\u03b9\u03cc\u03c4\u03b7\u03c4\u03b1","potentialAction":[{"@type":"SearchAction","target":{"@type":"EntryPoint","urlTemplate":"https:\/\/palegoldenrod-lyrebird-906244.hostingersite.com\/?s={search_term_string}"},"query-input":{"@type":"PropertyValueSpecification","valueRequired":true,"valueName":"search_term_string"}}],"inLanguage":"en-US"}]}},"_links":{"self":[{"href":"https:\/\/niptiras.gr\/en\/wp-json\/wp\/v2\/product\/12760","targetHints":{"allow":["GET"]}}],"collection":[{"href":"https:\/\/niptiras.gr\/en\/wp-json\/wp\/v2\/product"}],"about":[{"href":"https:\/\/niptiras.gr\/en\/wp-json\/wp\/v2\/types\/product"}],"replies":[{"embeddable":true,"href":"https:\/\/niptiras.gr\/en\/wp-json\/wp\/v2\/comments?post=12760"}],"wp:featuredmedia":[{"embeddable":true,"href":"https:\/\/niptiras.gr\/en\/wp-json\/wp\/v2\/media\/12763"}],"wp:attachment":[{"href":"https:\/\/niptiras.gr\/en\/wp-json\/wp\/v2\/media?parent=12760"}],"wp:term":[{"taxonomy":"product_brand","embeddable":true,"href":"https:\/\/niptiras.gr\/en\/wp-json\/wp\/v2\/product_brand?post=12760"},{"taxonomy":"product_cat","embeddable":true,"href":"https:\/\/niptiras.gr\/en\/wp-json\/wp\/v2\/product_cat?post=12760"},{"taxonomy":"product_tag","embeddable":true,"href":"https:\/\/niptiras.gr\/en\/wp-json\/wp\/v2\/product_tag?post=12760"},{"taxonomy":"berocket_brand","embeddable":true,"href":"https:\/\/niptiras.gr\/en\/wp-json\/wp\/v2\/berocket_brand?post=12760"}],"curies":[{"name":"wp","href":"https:\/\/api.w.org\/{rel}","templated":true}]}}