{"id":12296,"date":"2025-11-11T14:00:20","date_gmt":"2025-11-11T12:00:20","guid":{"rendered":"https:\/\/niptiras.gr\/?post_type=product&#038;p=12296"},"modified":"2025-11-17T10:44:33","modified_gmt":"2025-11-17T08:44:33","slug":"miroa-led-mirror-copy","status":"publish","type":"product","link":"https:\/\/niptiras.gr\/en\/product\/miroa-led-mirror-copy\/","title":{"rendered":"ASTRAL LED \u2013 Frameless Mirror Anti-glare with Time &amp; Temperature Display"},"content":{"rendered":"<div class=\"fusion-fullwidth fullwidth-box fusion-builder-row-1 fusion-flex-container nonhundred-percent-fullwidth non-hundred-percent-height-scrolling\" style=\"--awb-border-radius-top-left:0px;--awb-border-radius-top-right:0px;--awb-border-radius-bottom-right:0px;--awb-border-radius-bottom-left:0px;--awb-flex-wrap:wrap;\" ><div class=\"fusion-builder-row fusion-row fusion-flex-align-items-flex-start fusion-flex-content-wrap\" style=\"max-width:1320.8px;margin-left: calc(-4% \/ 2 );margin-right: calc(-4% \/ 2 );\"><div class=\"fusion-layout-column fusion_builder_column fusion-builder-column-0 fusion_builder_column_1_1 1_1 fusion-flex-column\" style=\"--awb-bg-size:cover;--awb-width-large:100%;--awb-margin-top-large:0px;--awb-spacing-right-large:1.92%;--awb-margin-bottom-large:0px;--awb-spacing-left-large:1.92%;--awb-width-medium:100%;--awb-spacing-right-medium:1.92%;--awb-spacing-left-medium:1.92%;--awb-width-small:100%;--awb-spacing-right-small:1.92%;--awb-spacing-left-small:1.92%;\"><div class=\"fusion-column-wrapper fusion-flex-justify-content-flex-start fusion-content-layout-column\"><div class=\"fusion-text fusion-text-1\"><p>Dimensions : 80&#215;50, 90&#215;55, 100&#215;60, 120&#215;70<\/p>\n<\/div><ul style=\"--awb-line-height:30.6px;--awb-icon-width:30.6px;--awb-icon-height:30.6px;--awb-icon-margin:12.6px;--awb-content-margin:43.2px;\" class=\"fusion-checklist fusion-checklist-1 fusion-checklist-default type-icons\"><li class=\"fusion-li-item\" style=\"\"><span class=\"icon-wrapper circle-no\"><i class=\"fusion-li-icon awb-icon-check\" aria-hidden=\"true\"><\/i><\/span><div class=\"fusion-li-item-content\">Mirror 5mm Copper Free<\/div><\/li><li class=\"fusion-li-item\" style=\"\"><span class=\"icon-wrapper circle-no\"><i class=\"fusion-li-icon awb-icon-check\" aria-hidden=\"true\"><\/i><\/span><div class=\"fusion-li-item-content\">TOUCH SCREEN<\/div><\/li><li class=\"fusion-li-item\" style=\"\"><span class=\"icon-wrapper circle-no\"><i class=\"fusion-li-icon awb-icon-check\" aria-hidden=\"true\"><\/i><\/span><div class=\"fusion-li-item-content\">LED: 2835 (120\/m)<\/div><\/li><li class=\"fusion-li-item\" style=\"\"><span class=\"icon-wrapper circle-no\"><i class=\"fusion-li-icon awb-icon-check\" aria-hidden=\"true\"><\/i><\/span><div class=\"fusion-li-item-content\">IP rating: IP44<\/div><\/li><li class=\"fusion-li-item\" style=\"\"><span class=\"icon-wrapper circle-no\"><i class=\"fusion-li-icon awb-icon-check\" aria-hidden=\"true\"><\/i><\/span><div class=\"fusion-li-item-content\">LED lifespan: 50,000 hours<\/div><\/li><li class=\"fusion-li-item\" style=\"\"><span class=\"icon-wrapper circle-no\"><i class=\"fusion-li-icon awb-icon-check\" aria-hidden=\"true\"><\/i><\/span><div class=\"fusion-li-item-content\">Input Voltage: 110V-240V AC 50-60Hz<\/div><\/li><li class=\"fusion-li-item\" style=\"\"><span class=\"icon-wrapper circle-no\"><i class=\"fusion-li-icon awb-icon-check\" aria-hidden=\"true\"><\/i><\/span><div class=\"fusion-li-item-content\">Antifog function, 3 lighting modes, time and temperature display<\/div><\/li><li class=\"fusion-li-item\" style=\"\"><span class=\"icon-wrapper circle-no\"><i class=\"fusion-li-icon awb-icon-check\" aria-hidden=\"true\"><\/i><\/span><div class=\"fusion-li-item-content\">Black aluminum profile<\/div><\/li><li class=\"fusion-li-item\" style=\"\"><span class=\"icon-wrapper circle-no\"><i class=\"fusion-li-icon awb-icon-check\" aria-hidden=\"true\"><\/i><\/span><div class=\"fusion-li-item-content\">Backlighting<\/div><\/li><li class=\"fusion-li-item\" style=\"\"><span class=\"icon-wrapper circle-no\"><i class=\"fusion-li-icon awb-icon-check\" aria-hidden=\"true\"><\/i><\/span><div class=\"fusion-li-item-content\">Warm ligh\u03c4:3000 kelvin<\/div><\/li><li class=\"fusion-li-item\" style=\"\"><span class=\"icon-wrapper circle-no\"><i class=\"fusion-li-icon awb-icon-check\" aria-hidden=\"true\"><\/i><\/span><div class=\"fusion-li-item-content\">Neutral ligth:4500 kelvin<\/div><\/li><li class=\"fusion-li-item\" style=\"\"><span class=\"icon-wrapper circle-no\"><i class=\"fusion-li-icon awb-icon-check\" aria-hidden=\"true\"><\/i><\/span><div class=\"fusion-li-item-content\">White light:6500 kelvin<\/div><\/li><li class=\"fusion-li-item\" style=\"\"><span class=\"icon-wrapper circle-no\"><i class=\"fusion-li-icon awb-icon-check\" aria-hidden=\"true\"><\/i><\/span><div class=\"fusion-li-item-content\">Lumen:2760<\/div><\/li><\/ul><\/div><\/div><\/div><\/div>\n","protected":false},"excerpt":{"rendered":"<p>ASTRAL LED bathroom mirror with touch control, anti-fog system, time &amp; temperature display, and three lighting options (3000K-4500K-6500K). Available in sizes 80\u00d750, 90\u00d755, 100\u00d760, and 120\u00d770 cm. <\/p>\n","protected":false},"featured_media":12300,"comment_status":"closed","ping_status":"closed","template":"","meta":{"_acf_changed":false,"inline_featured_image":false,"_monsterinsights_skip_tracking":false,"_monsterinsights_sitenote_active":false,"_monsterinsights_sitenote_note":"","_monsterinsights_sitenote_category":0},"product_brand":[],"product_cat":[558],"product_tag":[667,668,1152],"berocket_brand":[700],"class_list":{"0":"post-12296","1":"product","2":"type-product","3":"status-publish","4":"has-post-thumbnail","6":"product_cat-wall-floor-mirrors","7":"product_tag-bathroom-mirror","8":"product_tag-bathroom-mirror-en","9":"product_tag-sparke","10":"pa_brand-niptiras-gr-en","11":"pa_cabinet-without-cabinet-en","12":"pa_dimension-100-cm-en","13":"pa_dimension-120-cm-en","14":"pa_dimension-80-cm-en","15":"pa_dimension-90-cm-en","16":"pa_frame-frameless","17":"pa_lighting-led","18":"pa_origin-greece","19":"pa_shape-parallelogram-en","20":"berocket_brand-niptiras-gr-en","22":"first","23":"onbackorder","24":"taxable","25":"shipping-taxable","26":"product-type-simple"},"acf":[],"yoast_head":"<!-- This site is optimized with the Yoast SEO plugin v27.5 - https:\/\/yoast.com\/product\/yoast-seo-wordpress\/ -->\n<title>ASTRAL LED Bathroom Mirror \u2013 Anti-Fog, Touch Screen, Sizes 80\u00d750 to 120\u00d770 cm<\/title>\n<meta name=\"description\" content=\"The ASTRAL LED bathroom mirror combines functionality and elegance. Available in sizes from 80\u00d750 to 120\u00d770 cm, it features an anti-fog system, LED backlighting, three light temperature settings, a time &amp; temperature display, and a Touch Screen control panel.\" \/>\n<meta name=\"robots\" content=\"index, follow, max-snippet:-1, max-image-preview:large, max-video-preview:-1\" \/>\n<link rel=\"canonical\" href=\"https:\/\/niptiras.gr\/product\/astral-led\/\" \/>\n<meta property=\"og:locale\" content=\"en_US\" \/>\n<meta property=\"og:type\" content=\"article\" \/>\n<meta property=\"og:title\" content=\"ASTRAL LED Bathroom Mirror \u2013 Anti-Fog, Touch Screen, Sizes 80\u00d750 to 120\u00d770 cm\" \/>\n<meta property=\"og:description\" content=\"The ASTRAL LED bathroom mirror combines functionality and elegance. Available in sizes from 80\u00d750 to 120\u00d770 cm, it features an anti-fog system, LED backlighting, three light temperature settings, a time &amp; temperature display, and a Touch Screen control panel.\" \/>\n<meta property=\"og:url\" content=\"https:\/\/niptiras.gr\/product\/astral-led\/\" \/>\n<meta property=\"og:site_name\" content=\"\u039d\u0399\u03a0\u03a4\u0397\u03a1\u0395\u03a3\" \/>\n<meta property=\"article:modified_time\" content=\"2025-11-17T08:44:33+00:00\" \/>\n<meta property=\"og:image\" content=\"https:\/\/niptiras.gr\/wp-content\/uploads\/2025\/11\/ASTRAL-2-vers-2.jpg\" \/>\n\t<meta property=\"og:image:width\" content=\"1100\" \/>\n\t<meta property=\"og:image:height\" content=\"1100\" \/>\n\t<meta property=\"og:image:type\" content=\"image\/jpeg\" \/>\n<meta name=\"twitter:card\" content=\"summary_large_image\" \/>\n<meta name=\"twitter:label1\" content=\"Est. reading time\" \/>\n\t<meta name=\"twitter:data1\" content=\"2 minutes\" \/>\n<script type=\"application\/ld+json\" class=\"yoast-schema-graph\">{\"@context\":\"https:\\\/\\\/schema.org\",\"@graph\":[{\"@type\":\"WebPage\",\"@id\":\"https:\\\/\\\/niptiras.gr\\\/product\\\/astral-led\\\/\",\"url\":\"https:\\\/\\\/niptiras.gr\\\/product\\\/astral-led\\\/\",\"name\":\"ASTRAL LED Bathroom Mirror \u2013 Anti-Fog, Touch Screen, Sizes 80\u00d750 to 120\u00d770 cm\",\"isPartOf\":{\"@id\":\"https:\\\/\\\/palegoldenrod-lyrebird-906244.hostingersite.com\\\/#website\"},\"primaryImageOfPage\":{\"@id\":\"https:\\\/\\\/niptiras.gr\\\/product\\\/astral-led\\\/#primaryimage\"},\"image\":{\"@id\":\"https:\\\/\\\/niptiras.gr\\\/product\\\/astral-led\\\/#primaryimage\"},\"thumbnailUrl\":\"https:\\\/\\\/niptiras.gr\\\/wp-content\\\/uploads\\\/2025\\\/11\\\/ASTRAL-2-vers-2.jpg\",\"datePublished\":\"2025-11-11T12:00:20+00:00\",\"dateModified\":\"2025-11-17T08:44:33+00:00\",\"description\":\"The ASTRAL LED bathroom mirror combines functionality and elegance. Available in sizes from 80\u00d750 to 120\u00d770 cm, it features an anti-fog system, LED backlighting, three light temperature settings, a time & temperature display, and a Touch Screen control panel.\",\"breadcrumb\":{\"@id\":\"https:\\\/\\\/niptiras.gr\\\/product\\\/astral-led\\\/#breadcrumb\"},\"inLanguage\":\"en-US\",\"potentialAction\":[{\"@type\":\"ReadAction\",\"target\":[\"https:\\\/\\\/niptiras.gr\\\/product\\\/astral-led\\\/\"]}]},{\"@type\":\"ImageObject\",\"inLanguage\":\"en-US\",\"@id\":\"https:\\\/\\\/niptiras.gr\\\/product\\\/astral-led\\\/#primaryimage\",\"url\":\"https:\\\/\\\/niptiras.gr\\\/wp-content\\\/uploads\\\/2025\\\/11\\\/ASTRAL-2-vers-2.jpg\",\"contentUrl\":\"https:\\\/\\\/niptiras.gr\\\/wp-content\\\/uploads\\\/2025\\\/11\\\/ASTRAL-2-vers-2.jpg\",\"width\":1100,\"height\":1100,\"caption\":\"ASTRAL LED bathroom mirror with anti-fog function and three-temperature lighting\"},{\"@type\":\"BreadcrumbList\",\"@id\":\"https:\\\/\\\/niptiras.gr\\\/product\\\/astral-led\\\/#breadcrumb\",\"itemListElement\":[{\"@type\":\"ListItem\",\"position\":1,\"name\":\"\u0391\u03c1\u03c7\u03b9\u03ba\u03ae\",\"item\":\"https:\\\/\\\/palegoldenrod-lyrebird-906244.hostingersite.com\\\/\"},{\"@type\":\"ListItem\",\"position\":2,\"name\":\"Shop\",\"item\":\"https:\\\/\\\/palegoldenrod-lyrebird-906244.hostingersite.com\\\/shop-sidebar\\\/\"},{\"@type\":\"ListItem\",\"position\":3,\"name\":\"ASTRAL LED \u2013 Frameless Mirror Anti-glare with Time &amp; Temperature Display\"}]},{\"@type\":\"WebSite\",\"@id\":\"https:\\\/\\\/palegoldenrod-lyrebird-906244.hostingersite.com\\\/#website\",\"url\":\"https:\\\/\\\/palegoldenrod-lyrebird-906244.hostingersite.com\\\/\",\"name\":\"\u039d\u0399\u03a0\u03a4\u0397\u03a1\u0395\u03a3\",\"description\":\"\u039c\u03af\u03b1 \u03bc\u03b5\u03b3\u03ac\u03bb\u03b7 \u03c0\u03b9\u03ba\u03bf\u03b9\u03bb\u03af\u03b1 \u03c3\u03b5 \u03bd\u03b9\u03c0\u03c4\u03ae\u03c1\u03b5\u03c2 \u03c3\u03b5 \u03ac\u03c1\u03b9\u03c3\u03c4\u03bf \u03c3\u03c7\u03b5\u03b4\u03b9\u03b1\u03c3\u03bc\u03cc \u03ba\u03b1\u03b9 \u03c0\u03bf\u03b9\u03cc\u03c4\u03b7\u03c4\u03b1\",\"potentialAction\":[{\"@type\":\"SearchAction\",\"target\":{\"@type\":\"EntryPoint\",\"urlTemplate\":\"https:\\\/\\\/palegoldenrod-lyrebird-906244.hostingersite.com\\\/?s={search_term_string}\"},\"query-input\":{\"@type\":\"PropertyValueSpecification\",\"valueRequired\":true,\"valueName\":\"search_term_string\"}}],\"inLanguage\":\"en-US\"}]}<\/script>\n<!-- \/ Yoast SEO plugin. -->","yoast_head_json":{"title":"ASTRAL LED Bathroom Mirror \u2013 Anti-Fog, Touch Screen, Sizes 80\u00d750 to 120\u00d770 cm","description":"The ASTRAL LED bathroom mirror combines functionality and elegance. Available in sizes from 80\u00d750 to 120\u00d770 cm, it features an anti-fog system, LED backlighting, three light temperature settings, a time & temperature display, and a Touch Screen control panel.","robots":{"index":"index","follow":"follow","max-snippet":"max-snippet:-1","max-image-preview":"max-image-preview:large","max-video-preview":"max-video-preview:-1"},"canonical":"https:\/\/niptiras.gr\/product\/astral-led\/","og_locale":"en_US","og_type":"article","og_title":"ASTRAL LED Bathroom Mirror \u2013 Anti-Fog, Touch Screen, Sizes 80\u00d750 to 120\u00d770 cm","og_description":"The ASTRAL LED bathroom mirror combines functionality and elegance. Available in sizes from 80\u00d750 to 120\u00d770 cm, it features an anti-fog system, LED backlighting, three light temperature settings, a time & temperature display, and a Touch Screen control panel.","og_url":"https:\/\/niptiras.gr\/product\/astral-led\/","og_site_name":"\u039d\u0399\u03a0\u03a4\u0397\u03a1\u0395\u03a3","article_modified_time":"2025-11-17T08:44:33+00:00","og_image":[{"width":1100,"height":1100,"url":"https:\/\/niptiras.gr\/wp-content\/uploads\/2025\/11\/ASTRAL-2-vers-2.jpg","type":"image\/jpeg"}],"twitter_card":"summary_large_image","twitter_misc":{"Est. reading time":"2 minutes"},"schema":{"@context":"https:\/\/schema.org","@graph":[{"@type":"WebPage","@id":"https:\/\/niptiras.gr\/product\/astral-led\/","url":"https:\/\/niptiras.gr\/product\/astral-led\/","name":"ASTRAL LED Bathroom Mirror \u2013 Anti-Fog, Touch Screen, Sizes 80\u00d750 to 120\u00d770 cm","isPartOf":{"@id":"https:\/\/palegoldenrod-lyrebird-906244.hostingersite.com\/#website"},"primaryImageOfPage":{"@id":"https:\/\/niptiras.gr\/product\/astral-led\/#primaryimage"},"image":{"@id":"https:\/\/niptiras.gr\/product\/astral-led\/#primaryimage"},"thumbnailUrl":"https:\/\/niptiras.gr\/wp-content\/uploads\/2025\/11\/ASTRAL-2-vers-2.jpg","datePublished":"2025-11-11T12:00:20+00:00","dateModified":"2025-11-17T08:44:33+00:00","description":"The ASTRAL LED bathroom mirror combines functionality and elegance. Available in sizes from 80\u00d750 to 120\u00d770 cm, it features an anti-fog system, LED backlighting, three light temperature settings, a time & temperature display, and a Touch Screen control panel.","breadcrumb":{"@id":"https:\/\/niptiras.gr\/product\/astral-led\/#breadcrumb"},"inLanguage":"en-US","potentialAction":[{"@type":"ReadAction","target":["https:\/\/niptiras.gr\/product\/astral-led\/"]}]},{"@type":"ImageObject","inLanguage":"en-US","@id":"https:\/\/niptiras.gr\/product\/astral-led\/#primaryimage","url":"https:\/\/niptiras.gr\/wp-content\/uploads\/2025\/11\/ASTRAL-2-vers-2.jpg","contentUrl":"https:\/\/niptiras.gr\/wp-content\/uploads\/2025\/11\/ASTRAL-2-vers-2.jpg","width":1100,"height":1100,"caption":"ASTRAL LED bathroom mirror with anti-fog function and three-temperature lighting"},{"@type":"BreadcrumbList","@id":"https:\/\/niptiras.gr\/product\/astral-led\/#breadcrumb","itemListElement":[{"@type":"ListItem","position":1,"name":"\u0391\u03c1\u03c7\u03b9\u03ba\u03ae","item":"https:\/\/palegoldenrod-lyrebird-906244.hostingersite.com\/"},{"@type":"ListItem","position":2,"name":"Shop","item":"https:\/\/palegoldenrod-lyrebird-906244.hostingersite.com\/shop-sidebar\/"},{"@type":"ListItem","position":3,"name":"ASTRAL LED \u2013 Frameless Mirror Anti-glare with Time &amp; Temperature Display"}]},{"@type":"WebSite","@id":"https:\/\/palegoldenrod-lyrebird-906244.hostingersite.com\/#website","url":"https:\/\/palegoldenrod-lyrebird-906244.hostingersite.com\/","name":"\u039d\u0399\u03a0\u03a4\u0397\u03a1\u0395\u03a3","description":"\u039c\u03af\u03b1 \u03bc\u03b5\u03b3\u03ac\u03bb\u03b7 \u03c0\u03b9\u03ba\u03bf\u03b9\u03bb\u03af\u03b1 \u03c3\u03b5 \u03bd\u03b9\u03c0\u03c4\u03ae\u03c1\u03b5\u03c2 \u03c3\u03b5 \u03ac\u03c1\u03b9\u03c3\u03c4\u03bf \u03c3\u03c7\u03b5\u03b4\u03b9\u03b1\u03c3\u03bc\u03cc \u03ba\u03b1\u03b9 \u03c0\u03bf\u03b9\u03cc\u03c4\u03b7\u03c4\u03b1","potentialAction":[{"@type":"SearchAction","target":{"@type":"EntryPoint","urlTemplate":"https:\/\/palegoldenrod-lyrebird-906244.hostingersite.com\/?s={search_term_string}"},"query-input":{"@type":"PropertyValueSpecification","valueRequired":true,"valueName":"search_term_string"}}],"inLanguage":"en-US"}]}},"_links":{"self":[{"href":"https:\/\/niptiras.gr\/en\/wp-json\/wp\/v2\/product\/12296","targetHints":{"allow":["GET"]}}],"collection":[{"href":"https:\/\/niptiras.gr\/en\/wp-json\/wp\/v2\/product"}],"about":[{"href":"https:\/\/niptiras.gr\/en\/wp-json\/wp\/v2\/types\/product"}],"replies":[{"embeddable":true,"href":"https:\/\/niptiras.gr\/en\/wp-json\/wp\/v2\/comments?post=12296"}],"wp:featuredmedia":[{"embeddable":true,"href":"https:\/\/niptiras.gr\/en\/wp-json\/wp\/v2\/media\/12300"}],"wp:attachment":[{"href":"https:\/\/niptiras.gr\/en\/wp-json\/wp\/v2\/media?parent=12296"}],"wp:term":[{"taxonomy":"product_brand","embeddable":true,"href":"https:\/\/niptiras.gr\/en\/wp-json\/wp\/v2\/product_brand?post=12296"},{"taxonomy":"product_cat","embeddable":true,"href":"https:\/\/niptiras.gr\/en\/wp-json\/wp\/v2\/product_cat?post=12296"},{"taxonomy":"product_tag","embeddable":true,"href":"https:\/\/niptiras.gr\/en\/wp-json\/wp\/v2\/product_tag?post=12296"},{"taxonomy":"berocket_brand","embeddable":true,"href":"https:\/\/niptiras.gr\/en\/wp-json\/wp\/v2\/berocket_brand?post=12296"}],"curies":[{"name":"wp","href":"https:\/\/api.w.org\/{rel}","templated":true}]}}